{"id":828,"date":"2026-04-21T11:29:29","date_gmt":"2026-04-21T16:29:29","guid":{"rendered":"https:\/\/isegcorp.com\/peru\/?page_id=828"},"modified":"2026-04-21T11:29:29","modified_gmt":"2026-04-21T16:29:29","slug":"derecho-arco","status":"publish","type":"page","link":"https:\/\/isegcorp.com\/peru\/derecho-arco\/","title":{"rendered":"Derecho ARCO"},"content":{"rendered":"<style id=\"wpforms-css-vars-822-block-fc973384-ac10-4a5a-b657-69057fdd573f\">\n\t\t\t\t#wpforms-822.wpforms-block-fc973384-ac10-4a5a-b657-69057fdd573f {\n\t\t\t\t--wpforms-field-size-input-height: 43px;\n--wpforms-field-size-input-spacing: 15px;\n--wpforms-field-size-font-size: 16px;\n--wpforms-field-size-line-height: 19px;\n--wpforms-field-size-padding-h: 14px;\n--wpforms-field-size-checkbox-size: 16px;\n--wpforms-field-size-sublabel-spacing: 5px;\n--wpforms-field-size-icon-size: 1;\n--wpforms-label-size-font-size: 16px;\n--wpforms-label-size-line-height: 19px;\n--wpforms-label-size-sublabel-font-size: 14px;\n--wpforms-label-size-sublabel-line-height: 17px;\n--wpforms-button-size-font-size: 17px;\n--wpforms-button-size-height: 41px;\n--wpforms-button-size-padding-h: 15px;\n--wpforms-button-size-margin-top: 10px;\n--wpforms-container-shadow-size-box-shadow: none;\n\t\t\t}\n\t\t\t<\/style><div class=\"wpforms-container wpforms-container-full wpforms-block wpforms-block-fc973384-ac10-4a5a-b657-69057fdd573f wpforms-render-modern\" id=\"wpforms-822\"><form id=\"wpforms-form-822\" class=\"wpforms-validate wpforms-form wpforms-ajax-form\" data-formid=\"822\" method=\"post\" enctype=\"multipart\/form-data\" action=\"\/peru\/wp-json\/wp\/v2\/pages\/828\" data-token=\"2733224a71aeaa2b0a723406c543725b\" data-token-time=\"1777652855\"><noscript class=\"wpforms-error-noscript\">Por favor, activa JavaScript en tu navegador para completar este formulario.<\/noscript><div id=\"wpforms-error-noscript\" style=\"display: none;\">Por favor, activa JavaScript en tu navegador para completar este formulario.<\/div><div class=\"wpforms-field-container\"><div id=\"wpforms-822-field_34-container\" class=\"wpforms-field wpforms-field-content\" data-field-id=\"34\"><div id=\"wpforms-822-field_34\" class=\"wpforms-field-medium wpforms-field-row\" aria-errormessage=\"wpforms-822-field_34-error\"><p>Este formulario tiene como finalidad permitirle ejercer sus derechos de Acceso, Rectificaci\u00f3n, Cancelaci\u00f3n y Oposici\u00f3n (Derechos ARCO) respecto al tratamiento de sus datos personales, conforme a la normativa vigente en materia de protecci\u00f3n de datos personales. Le pedimos que complete la informaci\u00f3n requerida de manera precisa, a fin de atender su solicitud en los plazos establecidos por la ley (detallado en el Procedimiento de Derechos Arco). Sus datos ser\u00e1n tratados de forma confidencial y utilizados \u00fanicamente para gestionar su solicitud.<\/p>\n<div class=\"wpforms-field-content-display-frontend-clear\"><\/div><\/div><\/div><div id=\"wpforms-822-field_1-container\" class=\"wpforms-field wpforms-field-content\" data-field-id=\"1\"><div id=\"wpforms-822-field_1\" class=\"wpforms-field-medium wpforms-field-row\" aria-errormessage=\"wpforms-822-field_1-error\"><h4>1. Datos del titular de los datos personales:<\/h4>\n<div class=\"wpforms-field-content-display-frontend-clear\"><\/div><\/div><\/div><div id=\"wpforms-822-field_2-container\" class=\"wpforms-field wpforms-field-text\" data-field-id=\"2\"><label class=\"wpforms-field-label\" for=\"wpforms-822-field_2\">Nombres y Apellidos<\/label><input type=\"text\" id=\"wpforms-822-field_2\" class=\"wpforms-field-medium\" name=\"wpforms[fields][2]\" aria-errormessage=\"wpforms-822-field_2-error\" ><\/div><div id=\"wpforms-822-field_8-container\" class=\"wpforms-field wpforms-field-text\" data-field-id=\"8\"><label class=\"wpforms-field-label\" for=\"wpforms-822-field_8\">Identidad (DNI \/ CE \/ Pasaporte)<\/label><input type=\"text\" id=\"wpforms-822-field_8\" class=\"wpforms-field-small\" name=\"wpforms[fields][8]\" aria-errormessage=\"wpforms-822-field_8-error\" ><\/div><div id=\"wpforms-822-field_9-container\" class=\"wpforms-field wpforms-field-text\" data-field-id=\"9\"><label class=\"wpforms-field-label\" for=\"wpforms-822-field_9\">Direcci\u00f3n<\/label><input type=\"text\" id=\"wpforms-822-field_9\" class=\"wpforms-field-medium\" name=\"wpforms[fields][9]\" aria-errormessage=\"wpforms-822-field_9-error\" ><\/div><div id=\"wpforms-822-field_10-container\" class=\"wpforms-field wpforms-field-text\" data-field-id=\"10\"><label class=\"wpforms-field-label\" for=\"wpforms-822-field_10\">Tel\u00e9fono<\/label><input type=\"text\" id=\"wpforms-822-field_10\" class=\"wpforms-field-small\" name=\"wpforms[fields][10]\" aria-errormessage=\"wpforms-822-field_10-error\" ><\/div><div id=\"wpforms-822-field_11-container\" class=\"wpforms-field wpforms-field-email\" data-field-id=\"11\"><label class=\"wpforms-field-label\" for=\"wpforms-822-field_11\">Correo electr\u00f3nico <span class=\"wpforms-required-label\" aria-hidden=\"true\">*<\/span><\/label><input type=\"email\" id=\"wpforms-822-field_11\" class=\"wpforms-field-medium wpforms-field-required\" name=\"wpforms[fields][11]\" spellcheck=\"false\" aria-errormessage=\"wpforms-822-field_11-error\" required><\/div><div id=\"wpforms-822-field_12-container\" class=\"wpforms-field wpforms-field-divider\" data-field-id=\"12\"><h3 id=\"wpforms-822-field_12\" aria-errormessage=\"wpforms-822-field_12-error\">2. Representante Legal (si corresponde)<\/h3><\/div><div id=\"wpforms-822-field_14-container\" class=\"wpforms-field wpforms-field-text\" data-field-id=\"14\"><label class=\"wpforms-field-label\" for=\"wpforms-822-field_14\">Nombres y Apellidos<\/label><input type=\"text\" id=\"wpforms-822-field_14\" class=\"wpforms-field-medium\" name=\"wpforms[fields][14]\" aria-errormessage=\"wpforms-822-field_14-error\" ><\/div><div id=\"wpforms-822-field_15-container\" class=\"wpforms-field wpforms-field-text\" data-field-id=\"15\"><label class=\"wpforms-field-label\" for=\"wpforms-822-field_15\">Documento de Identidad<\/label><input type=\"text\" id=\"wpforms-822-field_15\" class=\"wpforms-field-small\" name=\"wpforms[fields][15]\" aria-errormessage=\"wpforms-822-field_15-error\" ><\/div><div id=\"wpforms-822-field_16-container\" class=\"wpforms-field wpforms-field-text\" data-field-id=\"16\"><label class=\"wpforms-field-label\" for=\"wpforms-822-field_16\">Acredita representaci\u00f3n<\/label><input type=\"text\" id=\"wpforms-822-field_16\" class=\"wpforms-field-medium\" name=\"wpforms[fields][16]\" aria-errormessage=\"wpforms-822-field_16-error\" ><\/div><div id=\"wpforms-822-field_17-container\" class=\"wpforms-field wpforms-field-divider\" data-field-id=\"17\"><h3 id=\"wpforms-822-field_17\" aria-errormessage=\"wpforms-822-field_17-error\">3. Derecho que desea ejercer (seleccione el o los que desee)<\/h3><\/div><div id=\"wpforms-822-field_18-container\" class=\"wpforms-field wpforms-field-checkbox wpforms-list-3-columns\" data-field-id=\"18\"><fieldset><legend class=\"wpforms-field-label wpforms-label-hide\" aria-hidden=\"false\"><\/legend><ul id=\"wpforms-822-field_18\"><li class=\"choice-1 depth-1\"><input type=\"checkbox\" id=\"wpforms-822-field_18_1\" name=\"wpforms[fields][18][]\" value=\"Acceso\" aria-errormessage=\"wpforms-822-field_18_1-error\"  ><label class=\"wpforms-field-label-inline\" for=\"wpforms-822-field_18_1\">Acceso<\/label><\/li><li class=\"choice-2 depth-1\"><input type=\"checkbox\" id=\"wpforms-822-field_18_2\" name=\"wpforms[fields][18][]\" value=\"Rectificaci\u00f3n\" aria-errormessage=\"wpforms-822-field_18_2-error\"  ><label class=\"wpforms-field-label-inline\" for=\"wpforms-822-field_18_2\">Rectificaci\u00f3n<\/label><\/li><li class=\"choice-3 depth-1\"><input type=\"checkbox\" id=\"wpforms-822-field_18_3\" name=\"wpforms[fields][18][]\" value=\"Cancelaci\u00f3n\" aria-errormessage=\"wpforms-822-field_18_3-error\"  ><label class=\"wpforms-field-label-inline\" for=\"wpforms-822-field_18_3\">Cancelaci\u00f3n<\/label><\/li><li class=\"choice-4 depth-1\"><input type=\"checkbox\" id=\"wpforms-822-field_18_4\" name=\"wpforms[fields][18][]\" value=\"Oposici\u00f3n\" aria-errormessage=\"wpforms-822-field_18_4-error\"  ><label class=\"wpforms-field-label-inline\" for=\"wpforms-822-field_18_4\">Oposici\u00f3n<\/label><\/li><li class=\"choice-5 depth-1\"><input type=\"checkbox\" id=\"wpforms-822-field_18_5\" name=\"wpforms[fields][18][]\" value=\"Portabilidad\" aria-errormessage=\"wpforms-822-field_18_5-error\"  ><label class=\"wpforms-field-label-inline\" for=\"wpforms-822-field_18_5\">Portabilidad<\/label><\/li><\/ul><\/fieldset><\/div><div id=\"wpforms-822-field_19-container\" class=\"wpforms-field wpforms-field-divider\" data-field-id=\"19\"><h3 id=\"wpforms-822-field_19\" aria-errormessage=\"wpforms-822-field_19-error\">Descripci\u00f3n de la Solicitud<\/h3><\/div><div id=\"wpforms-822-field_20-container\" class=\"wpforms-field wpforms-field-textarea\" data-field-id=\"20\"><textarea id=\"wpforms-822-field_20\" class=\"wpforms-field-medium\" name=\"wpforms[fields][20]\" aria-errormessage=\"wpforms-822-field_20-error\" ><\/textarea><\/div><div id=\"wpforms-822-field_21-container\" class=\"wpforms-field wpforms-field-divider\" data-field-id=\"21\"><h3 id=\"wpforms-822-field_21\" aria-errormessage=\"wpforms-822-field_21-error\">5. Informaci\u00f3n adicional (si aplica)<\/h3><\/div>\t\t<div id=\"wpforms-822-field_3-container\"\n\t\t\tclass=\"wpforms-field wpforms-field-text\"\n\t\t\tdata-field-type=\"text\"\n\t\t\tdata-field-id=\"3\"\n\t\t\t>\n\t\t\t<label class=\"wpforms-field-label\" for=\"wpforms-822-field_3\" >Tel\u00e9fono (si personalizado<\/label>\n\t\t\t<input type=\"text\" id=\"wpforms-822-field_3\" class=\"wpforms-field-medium\" name=\"wpforms[fields][3]\" >\n\t\t<\/div>\n\t\t<div id=\"wpforms-822-field_22-container\" class=\"wpforms-field wpforms-field-richtext wpforms-field-medium\" data-field-id=\"22\"><fieldset><legend class=\"wpforms-field-label\">Texto enriquecido<\/legend><div id=\"wp-wpforms-822-field_22-wrap\" class=\"wp-core-ui wp-editor-wrap tmce-active\"><link rel='stylesheet' id='dashicons-css' href='https:\/\/isegcorp.com\/peru\/wp-includes\/css\/dashicons.min.css?ver=6.9.4' type='text\/css' media='all' \/>\n<link rel='stylesheet' id='editor-buttons-css' href='https:\/\/isegcorp.com\/peru\/wp-includes\/css\/editor.min.css?ver=6.9.4' type='text\/css' media='all' \/>\n<div id=\"wp-wpforms-822-field_22-editor-tools\" class=\"wp-editor-tools hide-if-no-js\"><div class=\"wp-editor-tabs\"><button type=\"button\" id=\"wpforms-822-field_22-tmce\" aria-pressed=\"true\" class=\"wp-switch-editor switch-tmce\" data-wp-editor-id=\"wpforms-822-field_22\">Visual<\/button>\n<button type=\"button\" id=\"wpforms-822-field_22-html\" class=\"wp-switch-editor switch-html\" data-wp-editor-id=\"wpforms-822-field_22\">C\u00f3digo<\/button>\n<\/div>\n<\/div>\n<div id=\"wp-wpforms-822-field_22-editor-container\" class=\"wp-editor-container\"><div id=\"qt_wpforms-822-field_22_toolbar\" class=\"quicktags-toolbar hide-if-no-js\"><\/div><textarea class=\"wp-editor-area\" style=\"height: 120px\" autocomplete=\"off\" cols=\"40\" name=\"wpforms[fields][22]\" id=\"wpforms-822-field_22\"><\/textarea><\/div>\n<\/div>\n\n<\/fieldset><\/div><div id=\"wpforms-822-field_23-container\" class=\"wpforms-field wpforms-field-divider\" data-field-id=\"23\"><h3 id=\"wpforms-822-field_23\" aria-errormessage=\"wpforms-822-field_23-error\" aria-describedby=\"wpforms-822-field_23-description\">6. Medio para recibir respuesta<\/h3><div id=\"wpforms-822-field_23-description\" class=\"wpforms-field-description\">Elija el que desee<\/div><\/div><div id=\"wpforms-822-field_24-container\" class=\"wpforms-field wpforms-field-email\" data-field-id=\"24\"><label class=\"wpforms-field-label\" for=\"wpforms-822-field_24\">Correo electr\u00f3nico<\/label><input type=\"email\" id=\"wpforms-822-field_24\" class=\"wpforms-field-medium\" name=\"wpforms[fields][24]\" spellcheck=\"false\" aria-errormessage=\"wpforms-822-field_24-error\" ><\/div><div id=\"wpforms-822-field_25-container\" class=\"wpforms-field wpforms-field-text\" data-field-id=\"25\"><label class=\"wpforms-field-label\" for=\"wpforms-822-field_25\">Direcci\u00f3n f\u00edsica<\/label><input type=\"text\" id=\"wpforms-822-field_25\" class=\"wpforms-field-medium\" name=\"wpforms[fields][25]\" aria-errormessage=\"wpforms-822-field_25-error\" ><\/div><div id=\"wpforms-822-field_26-container\" class=\"wpforms-field wpforms-field-divider\" data-field-id=\"26\"><h3 id=\"wpforms-822-field_26\" aria-errormessage=\"wpforms-822-field_26-error\" aria-describedby=\"wpforms-822-field_26-description\">7. Declaraci\u00f3n<\/h3><div id=\"wpforms-822-field_26-description\" class=\"wpforms-field-description\">Declaro que la informaci\u00f3n proporcionada es verdadera y que soy el titular de los datos personales o su representante autorizado.<\/div><\/div><div id=\"wpforms-822-field_30-container\" class=\"wpforms-field wpforms-field-signature\" data-field-id=\"30\"><label class=\"wpforms-field-label\" for=\"wpforms-822-field_30\">Firma del solicitante<\/label><input type=\"text\" id=\"wpforms-822-field_30\" class=\"wpforms-signature-input wpforms-screen-reader-element\" data-is-wrapped-field=\"1\" name=\"wpforms[fields][30]\" autocomplete=\"off\" inputmode=\"none\" aria-errormessage=\"wpforms-822-field_30-error\" ><div class=\"wpforms-signature-wrap wpforms-field-row wpforms-field-large\"><canvas class=\"wpforms-signature-canvas\" id=\"wpforms-822-field_30-signature\" data-color=\"#000000\"><\/canvas><div class=\"wpforms-signature-clear\" title=\"Borrar firma\" tabindex=\"0\">\n\t\t\t\t<svg xmlns=\"http:\/\/www.w3.org\/2000\/svg\" width=\"1em\" height=\"1em\" preserveAspectRatio=\"xMidYMid meet\" viewBox=\"0 0 1536 1536\">\n\t\t\t\t\t<path fill=\"var( --wpforms-field-text-color, rgba(0, 0, 0, 0.25) )\" d=\"M1149 994q0-26-19-45L949 768l181-181q19-19 19-45q0-27-19-46l-90-90q-19-19-46-19q-26 0-45 19L768 587L587 406q-19-19-45-19q-27 0-46 19l-90 90q-19 19-19 46q0 26 19 45l181 181l-181 181q-19 19-19 45q0 27 19 46l90 90q19 19 46 19q26 0 45-19l181-181l181 181q19 19 45 19q27 0 46-19l90-90q19-19 19-46zm387-226q0 209-103 385.5T1153.5 1433T768 1536t-385.5-103T103 1153.5T0 768t103-385.5T382.5 103T768 0t385.5 103T1433 382.5T1536 768z\"\/>\n\t\t\t\t<\/svg>\n\t\t\t\t<div class=\"wpforms-signature-clear-caption\">Borrar firma<\/div>\n\t\t\t<\/div><\/div><\/div><div id=\"wpforms-822-field_31-container\" class=\"wpforms-field wpforms-field-name\" data-field-id=\"31\"><fieldset><legend class=\"wpforms-field-label\">Nombre <span class=\"wpforms-required-label\" aria-hidden=\"true\">*<\/span><\/legend><div class=\"wpforms-field-row wpforms-field-medium\"><div class=\"wpforms-field-row-block wpforms-first wpforms-one-half\"><input type=\"text\" id=\"wpforms-822-field_31\" class=\"wpforms-field-name-first wpforms-field-required\" name=\"wpforms[fields][31][first]\" aria-errormessage=\"wpforms-822-field_31-error\" required><label for=\"wpforms-822-field_31\" class=\"wpforms-field-sublabel after\">Nombre<\/label><\/div><div class=\"wpforms-field-row-block wpforms-one-half\"><input type=\"text\" id=\"wpforms-822-field_31-last\" class=\"wpforms-field-name-last wpforms-field-required\" name=\"wpforms[fields][31][last]\" aria-errormessage=\"wpforms-822-field_31-last-error\" required><label for=\"wpforms-822-field_31-last\" class=\"wpforms-field-sublabel after\">Apellidos<\/label><\/div><\/div><\/fieldset><\/div><div id=\"wpforms-822-field_32-container\" class=\"wpforms-field wpforms-field-date-time\" data-field-id=\"32\"><fieldset><legend class=\"wpforms-field-label\">Fecha \/ Hora<\/legend><div class=\"wpforms-field-row wpforms-field-medium\"><div class=\"wpforms-field-row-block wpforms-date-type-datepicker\"><div class=\"wpforms-datepicker-wrap\"><input type=\"text\" id=\"wpforms-822-field_32\" class=\"wpforms-field-date-time-date wpforms-datepicker\" data-date-format=\"m\/d\/Y\" data-disable-past-dates=\"0\" data-input=\"true\" name=\"wpforms[fields][32][date]\" aria-errormessage=\"wpforms-822-field_32-error\" ><a title=\"Borrar fecha\" data-clear role=\"button\" tabindex=\"0\" class=\"wpforms-datepicker-clear\" aria-label=\"Borrar fecha\" style=\"display:none;\"><\/a><\/div><label for=\"wpforms-822-field_32\" class=\"wpforms-field-sublabel after\">Fecha<\/label><\/div><div class=\"wpforms-field-row-block\"><input type=\"text\" id=\"wpforms-822-field_32-time\" class=\"wpforms-field-date-time-time wpforms-timepicker\" data-time-format=\"g:i A\" data-step=\"30\" data-rule-time12h=\"true\" name=\"wpforms[fields][32][time]\" aria-errormessage=\"wpforms-822-field_32-time-error\" ><label for=\"wpforms-822-field_32-time\" class=\"wpforms-field-sublabel after\">Hora<\/label><\/div><\/div><\/fieldset><\/div><div id=\"wpforms-822-field_33-container\" class=\"wpforms-field wpforms-field-captcha\" data-field-id=\"33\"><label class=\"wpforms-field-label\" for=\"wpforms-822-field_33\">Captcha personalizado <span class=\"wpforms-required-label\" aria-hidden=\"true\">*<\/span><\/label>\t\t\t<div class=\"wpforms-captcha-math\">\n\t\t\t\t<span id=\"wpforms-822-field_33-question\" class=\"wpforms-captcha-equation\">\n\t\t\t\t\t<span class=\"n1\">12<\/span>\n\t\t\t\t\t\t\t<span class=\"cal\">+<\/span>\n\t\t\t\t\t\t\t<span class=\"n2\">10<\/span>\t\t\t\t\t<span class=\"e\">=<\/span>\n\t\t\t\t<\/span>\n\t\t\t\t<input type=\"text\" id=\"wpforms-822-field_33\" class=\"wpforms-field-medium wpforms-field-required a\" data-rule-wpf-captcha=\"math\" data-is-wrapped-field=\"1\" name=\"wpforms[fields][33][a]\" aria-errormessage=\"wpforms-822-field_33-error\" aria-describedby=\"wpforms-822-field_33-question\" required>\t\t\t\t<input type=\"hidden\" name=\"wpforms[fields][33][cal]\" class=\"cal\">\n\t\t\t\t<input type=\"hidden\" name=\"wpforms[fields][33][n2]\" class=\"n2\">\n\t\t\t\t<input type=\"hidden\" name=\"wpforms[fields][33][n1]\" class=\"n1\">\n\t\t\t<\/div>\n\t\t\t<\/div><script>\n\t\t\t\t( function() {\n\t\t\t\t\tconst style = document.createElement( 'style' );\n\t\t\t\t\tstyle.appendChild( document.createTextNode( '#wpforms-822-field_3-container { position: absolute !important; overflow: hidden !important; display: inline !important; height: 1px !important; width: 1px !important; z-index: -1000 !important; padding: 0 !important; } #wpforms-822-field_3-container input { visibility: hidden; } #wpforms-conversational-form-page #wpforms-822-field_3-container label { counter-increment: none; }' ) );\n\t\t\t\t\tdocument.head.appendChild( style );\n\t\t\t\t\tdocument.currentScript?.remove();\n\t\t\t\t} )();\n\t\t\t<\/script><\/div><!-- .wpforms-field-container --><div class=\"wpforms-submit-container\" ><input type=\"hidden\" name=\"wpforms[id]\" value=\"822\"><input type=\"hidden\" name=\"page_title\" value=\"\"><input type=\"hidden\" name=\"page_url\" value=\"https:\/\/isegcorp.com\/peru\/wp-json\/wp\/v2\/pages\/828\"><input type=\"hidden\" name=\"url_referer\" value=\"\"><button type=\"submit\" name=\"wpforms[submit]\" id=\"wpforms-submit-822\" class=\"wpforms-submit\" data-alt-text=\"Enviando...\" data-submit-text=\"Enviar\" aria-live=\"assertive\" value=\"wpforms-submit\">Enviar<\/button><img decoding=\"async\" src=\"https:\/\/isegcorp.com\/peru\/wp-content\/plugins\/wpforms\/assets\/images\/submit-spin.svg\" class=\"wpforms-submit-spinner\" style=\"display: none;\" width=\"26\" height=\"26\" alt=\"Cargando\"><\/div><\/form><\/div>  <!-- .wpforms-container -->","protected":false},"excerpt":{"rendered":"","protected":false},"author":1,"featured_media":0,"parent":0,"menu_order":0,"comment_status":"closed","ping_status":"closed","template":"","meta":{"om_disable_all_campaigns":false,"_monsterinsights_skip_tracking":false,"_monsterinsights_sitenote_active":false,"_monsterinsights_sitenote_note":"","_monsterinsights_sitenote_category":0,"footnotes":""},"class_list":["post-828","page","type-page","status-publish","hentry"],"aioseo_notices":[],"_links":{"self":[{"href":"https:\/\/isegcorp.com\/peru\/wp-json\/wp\/v2\/pages\/828","targetHints":{"allow":["GET"]}}],"collection":[{"href":"https:\/\/isegcorp.com\/peru\/wp-json\/wp\/v2\/pages"}],"about":[{"href":"https:\/\/isegcorp.com\/peru\/wp-json\/wp\/v2\/types\/page"}],"author":[{"embeddable":true,"href":"https:\/\/isegcorp.com\/peru\/wp-json\/wp\/v2\/users\/1"}],"replies":[{"embeddable":true,"href":"https:\/\/isegcorp.com\/peru\/wp-json\/wp\/v2\/comments?post=828"}],"version-history":[{"count":1,"href":"https:\/\/isegcorp.com\/peru\/wp-json\/wp\/v2\/pages\/828\/revisions"}],"predecessor-version":[{"id":829,"href":"https:\/\/isegcorp.com\/peru\/wp-json\/wp\/v2\/pages\/828\/revisions\/829"}],"wp:attachment":[{"href":"https:\/\/isegcorp.com\/peru\/wp-json\/wp\/v2\/media?parent=828"}],"curies":[{"name":"wp","href":"https:\/\/api.w.org\/{rel}","templated":true}]}}