{"id":600,"date":"2024-09-30T18:08:43","date_gmt":"2024-09-30T23:08:43","guid":{"rendered":"https:\/\/isegcorp.com\/peru\/?page_id=600"},"modified":"2025-08-22T17:27:17","modified_gmt":"2025-08-22T22:27:17","slug":"codigo-de-etica","status":"publish","type":"page","link":"https:\/\/isegcorp.com\/peru\/codigo-de-etica\/","title":{"rendered":"Codigo de Etica"},"content":{"rendered":"<div  class='flex_column av-dirm0-b9beeb21377b28a685f8d896166bd823 av_two_third  avia-builder-el-0  el_before_av_one_third  avia-builder-el-first  first flex_column_div  '     ><\/div>\n<div  class='flex_column av-6o2fs-da44ead58d94abdcb7fd92b4f5956efb av_one_third  avia-builder-el-2  el_after_av_two_third  avia-builder-el-last  flex_column_div  '     ><div  class='avia-button-wrap avia-button-center  avia-builder-el-3  avia-builder-el-no-sibling '>\n<style type=\"text\/css\" data-created_by=\"avia_inline_auto\" id=\"style-css-av-mejvswp1-21da477a5f37d19dc0b64d0bb5abb086\">\n#top #wrap_all .avia-button.av-mejvswp1-21da477a5f37d19dc0b64d0bb5abb086:hover{\ncolor:white;\ntransition:all 0.4s ease-in-out;\n}\n<\/style>\n<a href='http:\/\/isegcorp.com\/peru\/wp-content\/uploads\/2024\/09\/CODIGO-DE-ETICA_2024-ISEG-PERU.pdf' class='avia-color-theme-color avia-font-color-theme-color avia-button avia-button-fullwidth av-mejvswp1-21da477a5f37d19dc0b64d0bb5abb086 avia-icon_select-yes-left-icon avia-color-theme-color'  target=\"_blank\"  rel=\"noopener noreferrer\"  aria-label=\"Descargar C\u00f3digo de \u00c9tica | ISEG Per\u00fa\"><span class='avia_button_icon avia_button_icon_left' aria-hidden='true' data-av_icon='\ue84e' data-av_iconfont='entypo-fontello'><\/span><span class='avia_iconbox_title' >Descargar C\u00f3digo de \u00c9tica | ISEG Per\u00fa<\/span><span class='avia_button_background avia-button avia-button-fullwidth avia-color-theme-color-highlight'><\/span><\/a><\/div><\/div>\n","protected":false},"excerpt":{"rendered":"","protected":false},"author":1,"featured_media":0,"parent":0,"menu_order":0,"comment_status":"closed","ping_status":"closed","template":"","meta":{"om_disable_all_campaigns":false,"_monsterinsights_skip_tracking":false,"_monsterinsights_sitenote_active":false,"_monsterinsights_sitenote_note":"","_monsterinsights_sitenote_category":0,"footnotes":""},"class_list":["post-600","page","type-page","status-publish","hentry"],"aioseo_notices":[],"_links":{"self":[{"href":"https:\/\/isegcorp.com\/peru\/wp-json\/wp\/v2\/pages\/600","targetHints":{"allow":["GET"]}}],"collection":[{"href":"https:\/\/isegcorp.com\/peru\/wp-json\/wp\/v2\/pages"}],"about":[{"href":"https:\/\/isegcorp.com\/peru\/wp-json\/wp\/v2\/types\/page"}],"author":[{"embeddable":true,"href":"https:\/\/isegcorp.com\/peru\/wp-json\/wp\/v2\/users\/1"}],"replies":[{"embeddable":true,"href":"https:\/\/isegcorp.com\/peru\/wp-json\/wp\/v2\/comments?post=600"}],"version-history":[{"count":3,"href":"https:\/\/isegcorp.com\/peru\/wp-json\/wp\/v2\/pages\/600\/revisions"}],"predecessor-version":[{"id":780,"href":"https:\/\/isegcorp.com\/peru\/wp-json\/wp\/v2\/pages\/600\/revisions\/780"}],"wp:attachment":[{"href":"https:\/\/isegcorp.com\/peru\/wp-json\/wp\/v2\/media?parent=600"}],"curies":[{"name":"wp","href":"https:\/\/api.w.org\/{rel}","templated":true}]}}