{"id":3,"date":"2024-04-02T18:24:40","date_gmt":"2024-04-02T18:24:40","guid":{"rendered":"https:\/\/wptest.isegchile.cl\/peru\/?page_id=3"},"modified":"2024-05-19T19:33:43","modified_gmt":"2024-05-20T00:33:43","slug":"privacy-policy","status":"publish","type":"page","link":"https:\/\/isegcorp.com\/peru\/privacy-policy\/","title":{"rendered":"Privacy Policy"},"content":{"rendered":"<div  class='flex_column av-7vcx-a36ce5be020c0c42c237dfa267bea195 av_one_fourth  avia-builder-el-0  el_before_av_one_half  avia-builder-el-first  first flex_column_div  '     ><\/div>\n\n<style type=\"text\/css\" data-created_by=\"avia_inline_auto\" id=\"style-css-av-5ls9-95237b1d74c9ab9b37309d2f316e0a68\">\n.flex_column.av-5ls9-95237b1d74c9ab9b37309d2f316e0a68{\npadding:5px 5px 20px 5px;\n}\n<\/style>\n<div  class='flex_column av-5ls9-95237b1d74c9ab9b37309d2f316e0a68 av_one_half  avia-builder-el-1  el_after_av_one_fourth  el_before_av_one_fourth  flex_column_div  '     ><section  class='av_textblock_section av-lwe8cxg5-cb7bbd69ff649c10b5941f33b0dea47f '   itemscope=\"itemscope\" itemtype=\"https:\/\/schema.org\/CreativeWork\" ><div class='avia_textblock'  itemprop=\"text\" ><p><strong>CL\u00c1USULA DE TRATAMIENTO DE DATOS PERSONALES<\/strong><\/p>\n<p style=\"text-align: justify;\">De conformidad con lo dispuesto en la Ley N\u00b0 29733, Ley de Protecci\u00f3n de Datos Personales y su Reglamento, aprobado por Decreto Supremo N\u00b0 003-2013-JUS, ISEG PERU S.A.C 20522228347 (en adelante, ISEG) domiciliado en Jr. de la Roca de Vergallo. Nro. 173 \u2013Magdalena del Mar &#8211; Lima &#8211; Per\u00fa, es el titular del Banco de Datos Personales \u201cL\u00ednea \u00c9tica\u201d, cuya finalidad es recopilar los datos personales de quienes utilicen el servicio de l\u00ednea \u00e9tica (en adelante \u201cTitulares de los datos personales\u201d) que ISEG brinda a sus clientes.<\/p>\n<p style=\"text-align: justify;\">Al suministrar y entregarnos sus datos, los Titulares de los datos personales otorgan su consentimiento voluntario, previo, libre, expreso e inequ\u00edvoco, para que ISEG pueda realizar el tratamiento de sus datos y ser almacenados por 02 (dos) a\u00f1os a partir de la recepci\u00f3n de la informaci\u00f3n, de acuerdo con la finalidad para los que fueron recabados o cuando dichos Titulares soliciten la eliminaci\u00f3n de su informaci\u00f3n.<\/p>\n<p style=\"text-align: justify;\">ISEG comunicar\u00e1 la informaci\u00f3n proporcionada en las denuncias recogidas al Directorio de ISEG Corp y solo podr\u00e1 transferir los datos personales de los denunciantes con la autorizaci\u00f3n expresa de estos. Asimismo, por las caracter\u00edsticas propias del funcionamiento del presente servicio, al aceptar estos t\u00e9rminos, brinda su consentimiento para el tratamiento de sus datos personales como flujo transfronterizo a Estados Unidos de Norteam\u00e9rica, por el servicio de alojamiento web, Per\u00fa y en los pa\u00edses en donde ISEG presta servicios.<\/p>\n<p style=\"text-align: justify;\">Los Titulares de los datos personales pueden ejercer sus derechos de acceso, rectificaci\u00f3n, cancelaci\u00f3n u oposici\u00f3n (derechos ARCO) enviando un correo electr\u00f3nico a derechos.arco@pe.isegcorp.com, o acerc\u00e1ndose a nuestras oficinas en Jr. de la Roca de Vergallo. Nro. 173 \u2013Magdalena del Mar &#8211; Lima &#8211; Per\u00fa.<\/p>\n<\/div><\/section><\/div><div  class='flex_column av-3r53-3c7b61fa9104f128e1742fd6cca1a08f av_one_fourth  avia-builder-el-3  el_after_av_one_half  avia-builder-el-last  flex_column_div  '     ><\/div><\/p>\n","protected":false},"excerpt":{"rendered":"","protected":false},"author":1,"featured_media":0,"parent":0,"menu_order":0,"comment_status":"closed","ping_status":"open","template":"","meta":{"om_disable_all_campaigns":false,"_monsterinsights_skip_tracking":false,"_monsterinsights_sitenote_active":false,"_monsterinsights_sitenote_note":"","_monsterinsights_sitenote_category":0,"footnotes":""},"class_list":["post-3","page","type-page","status-publish","hentry"],"aioseo_notices":[],"_links":{"self":[{"href":"https:\/\/isegcorp.com\/peru\/wp-json\/wp\/v2\/pages\/3","targetHints":{"allow":["GET"]}}],"collection":[{"href":"https:\/\/isegcorp.com\/peru\/wp-json\/wp\/v2\/pages"}],"about":[{"href":"https:\/\/isegcorp.com\/peru\/wp-json\/wp\/v2\/types\/page"}],"author":[{"embeddable":true,"href":"https:\/\/isegcorp.com\/peru\/wp-json\/wp\/v2\/users\/1"}],"replies":[{"embeddable":true,"href":"https:\/\/isegcorp.com\/peru\/wp-json\/wp\/v2\/comments?post=3"}],"version-history":[{"count":3,"href":"https:\/\/isegcorp.com\/peru\/wp-json\/wp\/v2\/pages\/3\/revisions"}],"predecessor-version":[{"id":498,"href":"https:\/\/isegcorp.com\/peru\/wp-json\/wp\/v2\/pages\/3\/revisions\/498"}],"wp:attachment":[{"href":"https:\/\/isegcorp.com\/peru\/wp-json\/wp\/v2\/media?parent=3"}],"curies":[{"name":"wp","href":"https:\/\/api.w.org\/{rel}","templated":true}]}}