{"id":311,"date":"2024-04-03T22:10:29","date_gmt":"2024-04-04T02:10:29","guid":{"rendered":"https:\/\/wptest.isegchile.cl\/peru\/?page_id=311"},"modified":"2024-10-08T09:13:05","modified_gmt":"2024-10-08T14:13:05","slug":"contacto","status":"publish","type":"page","link":"https:\/\/isegcorp.com\/ecuador\/contacto\/","title":{"rendered":"Contacto"},"content":{"rendered":"<div  class='flex_column av-dtbsf-90b6006a2d30e32a6589cd0ee1b6280b av_one_third  avia-builder-el-0  el_before_av_two_third  avia-builder-el-first  first flex_column_div  '     ><style type=\"text\/css\" data-created_by=\"avia_inline_auto\" id=\"style-css-av-lukn2c8t-c39b81d75a760cd17acc21adce1fc450\">\n#top .av-special-heading.av-lukn2c8t-c39b81d75a760cd17acc21adce1fc450{\npadding-bottom:10px;\nfont-size:16px;\n}\nbody .av-special-heading.av-lukn2c8t-c39b81d75a760cd17acc21adce1fc450 .av-special-heading-tag .heading-char{\nfont-size:25px;\n}\n#top #wrap_all .av-special-heading.av-lukn2c8t-c39b81d75a760cd17acc21adce1fc450 .av-special-heading-tag{\nfont-size:16px;\n}\n.av-special-heading.av-lukn2c8t-c39b81d75a760cd17acc21adce1fc450 .av-subheading{\nfont-size:15px;\n}\n\n@media only screen and (min-width: 480px) and (max-width: 767px){ \n#top #wrap_all .av-special-heading.av-lukn2c8t-c39b81d75a760cd17acc21adce1fc450 .av-special-heading-tag{\nfont-size:0.8em;\n}\n}\n\n@media only screen and (max-width: 479px){ \n#top #wrap_all .av-special-heading.av-lukn2c8t-c39b81d75a760cd17acc21adce1fc450 .av-special-heading-tag{\nfont-size:0.8em;\n}\n}\n<\/style>\n<div  class='av-special-heading av-lukn2c8t-c39b81d75a760cd17acc21adce1fc450 av-special-heading-h3 blockquote modern-quote  avia-builder-el-1  avia-builder-el-no-sibling  av-inherit-size'><h3 class='av-special-heading-tag '  itemprop=\"headline\"  >Si est\u00e1s interesado en nuestros servicios, d\u00e9janos tus datos a continuaci\u00f3n y en breve nos comunicaremos contigo. Contamos con cobertura nacional.<\/h3><div class='av-subheading av-subheading_below'><p><strong>ISEG Ecuador \u00abTU SOCIO EN SEGURIDAD\u00bb<\/strong><\/p>\n<\/div><div class=\"special-heading-border\"><div class=\"special-heading-inner-border\"><\/div><\/div><\/div><\/div><div  class='flex_column av-8j0pj-b4288abe64a589253d939b0779d223ef av_two_third  avia-builder-el-2  el_after_av_one_third  avia-builder-el-last  flex_column_div  '     ><\/div><\/p>\n","protected":false},"excerpt":{"rendered":"","protected":false},"author":1,"featured_media":0,"parent":0,"menu_order":0,"comment_status":"closed","ping_status":"closed","template":"","meta":{"footnotes":""},"class_list":["post-311","page","type-page","status-publish","hentry"],"_links":{"self":[{"href":"https:\/\/isegcorp.com\/ecuador\/wp-json\/wp\/v2\/pages\/311","targetHints":{"allow":["GET"]}}],"collection":[{"href":"https:\/\/isegcorp.com\/ecuador\/wp-json\/wp\/v2\/pages"}],"about":[{"href":"https:\/\/isegcorp.com\/ecuador\/wp-json\/wp\/v2\/types\/page"}],"author":[{"embeddable":true,"href":"https:\/\/isegcorp.com\/ecuador\/wp-json\/wp\/v2\/users\/1"}],"replies":[{"embeddable":true,"href":"https:\/\/isegcorp.com\/ecuador\/wp-json\/wp\/v2\/comments?post=311"}],"version-history":[{"count":9,"href":"https:\/\/isegcorp.com\/ecuador\/wp-json\/wp\/v2\/pages\/311\/revisions"}],"predecessor-version":[{"id":612,"href":"https:\/\/isegcorp.com\/ecuador\/wp-json\/wp\/v2\/pages\/311\/revisions\/612"}],"wp:attachment":[{"href":"https:\/\/isegcorp.com\/ecuador\/wp-json\/wp\/v2\/media?parent=311"}],"curies":[{"name":"wp","href":"https:\/\/api.w.org\/{rel}","templated":true}]}}