{"id":381,"date":"2024-04-14T23:29:10","date_gmt":"2024-04-15T03:29:10","guid":{"rendered":"https:\/\/wptest.isegchile.cl\/peru\/?page_id=381"},"modified":"2024-04-14T23:30:07","modified_gmt":"2024-04-15T03:30:07","slug":"postulante-web","status":"publish","type":"page","link":"https:\/\/isegcorp.com\/chile\/postulante-web\/","title":{"rendered":"Postulante WEB"},"content":{"rendered":"\n<style type=\"text\/css\" data-created_by=\"avia_inline_auto\" id=\"style-css-av-lv0eaqa3-34584a80ed3acb8042f2572798561492\">\n#top .av-special-heading.av-lv0eaqa3-34584a80ed3acb8042f2572798561492{\npadding-bottom:10px;\n}\nbody .av-special-heading.av-lv0eaqa3-34584a80ed3acb8042f2572798561492 .av-special-heading-tag .heading-char{\nfont-size:25px;\n}\n.av-special-heading.av-lv0eaqa3-34584a80ed3acb8042f2572798561492 .av-subheading{\nfont-size:15px;\n}\n<\/style>\n<div  class='av-special-heading av-lv0eaqa3-34584a80ed3acb8042f2572798561492 av-special-heading-h3 blockquote modern-quote  avia-builder-el-0  el_before_av_one_fourth  avia-builder-el-first '><h3 class='av-special-heading-tag '  itemprop=\"headline\"  >Te invitamos a postular a las distintas vacantes de ISEG Corp Per\u00fa.<\/h3><div class='av-subheading av-subheading_below'><p>Completa los datos del siguiente formulario y a la brevedad recibir\u00e1s respuesta a tu postulaci\u00f3n. Completa todos los datos y adjunta la documentaci\u00f3n para que el proceso sea m\u00e1s expedito.<\/p>\n<\/div><div class=\"special-heading-border\"><div class=\"special-heading-inner-border\"><\/div><\/div><\/div>\n<div  class='flex_column av-av_one_fourth-e35d4d7392d344ede5b92e9eb6686da9 av_one_fourth  avia-builder-el-1  el_after_av_heading  el_before_av_one_half  first flex_column_div  '     ><\/div>\n<div  class='flex_column av-av_one_half-42d37b427ea0fe62155da7ff29a9dab8 av_one_half  avia-builder-el-2  el_after_av_one_fourth  el_before_av_one_fourth  flex_column_div  '     ><\/div><div  class='flex_column av-av_one_fourth-42d37b427ea0fe62155da7ff29a9dab8 av_one_fourth  avia-builder-el-4  el_after_av_one_half  avia-builder-el-last  flex_column_div  '     ><\/div><\/p>\n","protected":false},"excerpt":{"rendered":"","protected":false},"author":1,"featured_media":0,"parent":0,"menu_order":0,"comment_status":"closed","ping_status":"closed","template":"","meta":{"om_disable_all_campaigns":false,"_monsterinsights_skip_tracking":false,"_monsterinsights_sitenote_active":false,"_monsterinsights_sitenote_note":"","_monsterinsights_sitenote_category":0,"footnotes":""},"class_list":["post-381","page","type-page","status-publish","hentry"],"aioseo_notices":[],"_links":{"self":[{"href":"https:\/\/isegcorp.com\/chile\/wp-json\/wp\/v2\/pages\/381","targetHints":{"allow":["GET"]}}],"collection":[{"href":"https:\/\/isegcorp.com\/chile\/wp-json\/wp\/v2\/pages"}],"about":[{"href":"https:\/\/isegcorp.com\/chile\/wp-json\/wp\/v2\/types\/page"}],"author":[{"embeddable":true,"href":"https:\/\/isegcorp.com\/chile\/wp-json\/wp\/v2\/users\/1"}],"replies":[{"embeddable":true,"href":"https:\/\/isegcorp.com\/chile\/wp-json\/wp\/v2\/comments?post=381"}],"version-history":[{"count":2,"href":"https:\/\/isegcorp.com\/chile\/wp-json\/wp\/v2\/pages\/381\/revisions"}],"predecessor-version":[{"id":383,"href":"https:\/\/isegcorp.com\/chile\/wp-json\/wp\/v2\/pages\/381\/revisions\/383"}],"wp:attachment":[{"href":"https:\/\/isegcorp.com\/chile\/wp-json\/wp\/v2\/media?parent=381"}],"curies":[{"name":"wp","href":"https:\/\/api.w.org\/{rel}","templated":true}]}}